{"id":3585,"date":"2021-01-30T18:58:12","date_gmt":"2021-01-30T18:58:12","guid":{"rendered":"https:\/\/gpsites.co\/shop\/my-account\/"},"modified":"2024-08-03T14:35:53","modified_gmt":"2024-08-03T14:35:53","slug":"muj-ucet","status":"publish","type":"page","link":"https:\/\/medvedi-cesnek.com\/index.php\/muj-ucet\/","title":{"rendered":"M\u016fj \u00fa\u010det"},"content":{"rendered":"<div class=\"woocommerce\"><\/div>\n","protected":false},"excerpt":{"rendered":"","protected":false},"author":1,"featured_media":0,"parent":0,"menu_order":0,"comment_status":"closed","ping_status":"closed","template":"","meta":{"footnotes":""},"class_list":["post-3585","page","type-page","status-publish"],"_links":{"self":[{"href":"https:\/\/medvedi-cesnek.com\/index.php\/wp-json\/wp\/v2\/pages\/3585","targetHints":{"allow":["GET"]}}],"collection":[{"href":"https:\/\/medvedi-cesnek.com\/index.php\/wp-json\/wp\/v2\/pages"}],"about":[{"href":"https:\/\/medvedi-cesnek.com\/index.php\/wp-json\/wp\/v2\/types\/page"}],"author":[{"embeddable":true,"href":"https:\/\/medvedi-cesnek.com\/index.php\/wp-json\/wp\/v2\/users\/1"}],"replies":[{"embeddable":true,"href":"https:\/\/medvedi-cesnek.com\/index.php\/wp-json\/wp\/v2\/comments?post=3585"}],"version-history":[{"count":1,"href":"https:\/\/medvedi-cesnek.com\/index.php\/wp-json\/wp\/v2\/pages\/3585\/revisions"}],"predecessor-version":[{"id":4599,"href":"https:\/\/medvedi-cesnek.com\/index.php\/wp-json\/wp\/v2\/pages\/3585\/revisions\/4599"}],"wp:attachment":[{"href":"https:\/\/medvedi-cesnek.com\/index.php\/wp-json\/wp\/v2\/media?parent=3585"}],"curies":[{"name":"wp","href":"https:\/\/api.w.org\/{rel}","templated":true}]}}